{"id":390,"date":"2021-09-21T13:01:25","date_gmt":"2021-09-21T16:01:25","guid":{"rendered":"https:\/\/adultosmayorescmt.com\/?page_id=390"},"modified":"2021-09-28T15:06:14","modified_gmt":"2021-09-28T18:06:14","slug":"publicaciones-de-afiliados","status":"publish","type":"page","link":"https:\/\/adultosmayorescmt.com\/index.php\/publicaciones-de-afiliados\/","title":{"rendered":"Publicaciones de Afiliados"},"content":{"rendered":"\t\t<div data-elementor-type=\"wp-page\" data-elementor-id=\"390\" class=\"elementor elementor-390\">\n\t\t\t\t\t\t<section class=\"elementor-section elementor-top-section elementor-element elementor-element-8f79916 elementor-section-boxed elementor-section-height-default elementor-section-height-default\" data-id=\"8f79916\" data-element_type=\"section\" data-e-type=\"section\">\n\t\t\t\t\t\t<div class=\"elementor-container elementor-column-gap-default\">\n\t\t\t\t\t<div class=\"elementor-column elementor-col-100 elementor-top-column elementor-element elementor-element-7cf3e1e\" data-id=\"7cf3e1e\" data-element_type=\"column\" data-e-type=\"column\">\n\t\t\t<div class=\"elementor-widget-wrap elementor-element-populated\">\n\t\t\t\t\t\t<div class=\"elementor-element elementor-element-6712e6f elementor-widget elementor-widget-text-editor\" data-id=\"6712e6f\" data-element_type=\"widget\" data-e-type=\"widget\" data-widget_type=\"text-editor.default\">\n\t\t\t\t<div class=\"elementor-widget-container\">\n\t\t\t\t\t\t\t\t\t<h3>En este apartado podr\u00e1s leer, publicar y compartir tu contenido en nuestra p\u00e1gina.<\/h3><p>\u00a1Al final de la p\u00e1gina encontrar\u00e1s un formulario para escribir tu propio art\u00edculo!<\/p>\t\t\t\t\t\t\t\t<\/div>\n\t\t\t\t<\/div>\n\t\t\t\t\t<\/div>\n\t\t<\/div>\n\t\t\t\t\t<\/div>\n\t\t<\/section>\n\t\t\t\t<section class=\"elementor-section elementor-top-section elementor-element elementor-element-14627b1 elementor-section-boxed elementor-section-height-default elementor-section-height-default\" data-id=\"14627b1\" data-element_type=\"section\" data-e-type=\"section\">\n\t\t\t\t\t\t<div class=\"elementor-container elementor-column-gap-default\">\n\t\t\t\t\t<div class=\"elementor-column elementor-col-100 elementor-top-column elementor-element elementor-element-7acb5f1\" data-id=\"7acb5f1\" data-element_type=\"column\" data-e-type=\"column\">\n\t\t\t<div class=\"elementor-widget-wrap elementor-element-populated\">\n\t\t\t\t\t\t<div class=\"elementor-element elementor-element-b597b6b elementor-widget elementor-widget-shortcode\" data-id=\"b597b6b\" data-element_type=\"widget\" data-e-type=\"widget\" data-widget_type=\"shortcode.default\">\n\t\t\t\t<div class=\"elementor-widget-container\">\n\t\t\t\t\t\t\t<div class=\"elementor-shortcode\"><style>.wp-show-posts-columns#wpsp-585 {margin-left: -2em; }.wp-show-posts-columns#wpsp-585 .wp-show-posts-inner {margin: 0 0 2em 2em; }<\/style><section id=\"wpsp-585\" class=\" wp-show-posts-columns wp-show-posts\" style=\"\"><article class=\" wp-show-posts-single post-1091 post type-post status-publish format-standard has-post-thumbnail hentry category-encuentros category-especial category-noticias entry has-media wpsp-col-6\" itemtype=\"http:\/\/schema.org\/CreativeWork\" itemscope><div class=\"wp-show-posts-inner\" style=\"\">\t\t\t\t\t\t<header class=\"wp-show-posts-entry-header\">\n\t\t\t\t\t\t\t<h2 class=\"wp-show-posts-entry-title\" itemprop=\"headline\"><a href=\"https:\/\/adultosmayorescmt.com\/index.php\/2022\/05\/06\/gran-te-show-para-los-adultos-mayores-del-cmt\/\" rel=\"bookmark\">Gran T\u00e9 Show para los Adultos Mayores del CMT<\/a><\/h2><div class=\"wp-show-posts-entry-meta wp-show-posts-entry-meta-below-title post-meta-inline\"><span class=\"wp-show-posts-posted-on wp-show-posts-meta\">\n\t\t\t\t\t<a href=\"https:\/\/adultosmayorescmt.com\/index.php\/2022\/05\/06\/gran-te-show-para-los-adultos-mayores-del-cmt\/\" title=\"07:13\" rel=\"bookmark\"><time class=\"wp-show-posts-entry-date published\" datetime=\"2022-05-06T07:13:03-03:00\" itemprop=\"datePublished\">mayo 6, 2022<\/time><time class=\"wp-show-posts-updated\" datetime=\"2022-05-13T08:01:42-03:00\" itemprop=\"dateModified\">mayo 13, 2022<\/time><\/a>\n\t\t\t\t<\/span><\/div>\t\t\t\t\t\t<\/header><!-- .entry-header -->\n\t\t\t\t\t\t\t<div class=\"wp-show-posts-image  wpsp-image-center \">\n\t\t\t<a href=\"https:\/\/adultosmayorescmt.com\/index.php\/2022\/05\/06\/gran-te-show-para-los-adultos-mayores-del-cmt\/\"  title=\"Gran T\u00e9 Show para los Adultos Mayores del CMT\"><img fetchpriority=\"high\" decoding=\"async\" width=\"694\" height=\"694\" src=\"https:\/\/adultosmayorescmt.com\/wp-content\/uploads\/2022\/05\/GRAN-TE-SHOW-ADULTOS-MAYORES-CMT-2022-1.jpeg\" class=\"attachment-full size-full wp-post-image\" alt=\"\" itemprop=\"image\" srcset=\"https:\/\/adultosmayorescmt.com\/wp-content\/uploads\/2022\/05\/GRAN-TE-SHOW-ADULTOS-MAYORES-CMT-2022-1.jpeg 694w, https:\/\/adultosmayorescmt.com\/wp-content\/uploads\/2022\/05\/GRAN-TE-SHOW-ADULTOS-MAYORES-CMT-2022-1-300x300.jpeg 300w, https:\/\/adultosmayorescmt.com\/wp-content\/uploads\/2022\/05\/GRAN-TE-SHOW-ADULTOS-MAYORES-CMT-2022-1-150x150.jpeg 150w\" sizes=\"(max-width: 694px) 100vw, 694px\" \/><\/a>\t\t<\/div>\n\t\t\t\t\t\t\t\t<div class=\"wp-show-posts-entry-summary\" itemprop=\"text\">\n\t\t\t\t\t\t\t<p>HAZ CLICK AQU\u00cd PARA INSCRIBIRTE Como bien es sabido,\u00a0 Colegio M\u00e9dico Tucum\u00e1n junto a la Subcomisi\u00f3n de Adultos Mayores, brindan un lugar\u00a0de contenci\u00f3n y participaci\u00f3n para los colegas mayores Socios&#8230;<\/p>\n\t\t\t\t\t\t<\/div><!-- .entry-summary -->\n\t\t\t\t\t<\/div><!-- wp-show-posts-inner --><\/article><article class=\" wp-show-posts-single post-577 post type-post status-publish format-standard has-post-thumbnail hentry category-encuentros entry has-media wpsp-col-6\" itemtype=\"http:\/\/schema.org\/CreativeWork\" itemscope><div class=\"wp-show-posts-inner\" style=\"\">\t\t\t\t\t\t<header class=\"wp-show-posts-entry-header\">\n\t\t\t\t\t\t\t<h2 class=\"wp-show-posts-entry-title\" itemprop=\"headline\"><a href=\"https:\/\/adultosmayorescmt.com\/index.php\/2021\/09\/28\/el-hombre-feliz-prof-daniela-diaz-vazquez\/\" rel=\"bookmark\">#01 EL HOMBRE FELIZ &#8211; PROF. DANIELA D\u00cdAZ V\u00c1ZQUEZ<\/a><\/h2><div class=\"wp-show-posts-entry-meta wp-show-posts-entry-meta-below-title post-meta-inline\"><span class=\"wp-show-posts-posted-on wp-show-posts-meta\">\n\t\t\t\t\t<a href=\"https:\/\/adultosmayorescmt.com\/index.php\/2021\/09\/28\/el-hombre-feliz-prof-daniela-diaz-vazquez\/\" title=\"09:14\" rel=\"bookmark\"><time class=\"wp-show-posts-entry-date published\" datetime=\"2021-09-28T09:14:25-03:00\" itemprop=\"datePublished\">septiembre 28, 2021<\/time><time class=\"wp-show-posts-updated\" datetime=\"2021-09-28T15:16:32-03:00\" itemprop=\"dateModified\">septiembre 28, 2021<\/time><\/a>\n\t\t\t\t<\/span><\/div>\t\t\t\t\t\t<\/header><!-- .entry-header -->\n\t\t\t\t\t\t\t<div class=\"wp-show-posts-image  wpsp-image-center \">\n\t\t\t<a href=\"https:\/\/adultosmayorescmt.com\/index.php\/2021\/09\/28\/el-hombre-feliz-prof-daniela-diaz-vazquez\/\"  title=\"#01 EL HOMBRE FELIZ &#8211; PROF. DANIELA D\u00cdAZ V\u00c1ZQUEZ\"><img decoding=\"async\" width=\"1587\" height=\"1476\" src=\"https:\/\/adultosmayorescmt.com\/wp-content\/uploads\/2021\/09\/HOY-EN-ENCUENTROS-1-e1632852954610.jpg\" class=\"attachment-full size-full wp-post-image\" alt=\"\" itemprop=\"image\" srcset=\"https:\/\/adultosmayorescmt.com\/wp-content\/uploads\/2021\/09\/HOY-EN-ENCUENTROS-1-e1632852954610.jpg 1587w, https:\/\/adultosmayorescmt.com\/wp-content\/uploads\/2021\/09\/HOY-EN-ENCUENTROS-1-e1632852954610-300x279.jpg 300w, https:\/\/adultosmayorescmt.com\/wp-content\/uploads\/2021\/09\/HOY-EN-ENCUENTROS-1-e1632852954610-1024x952.jpg 1024w, https:\/\/adultosmayorescmt.com\/wp-content\/uploads\/2021\/09\/HOY-EN-ENCUENTROS-1-e1632852954610-768x714.jpg 768w, https:\/\/adultosmayorescmt.com\/wp-content\/uploads\/2021\/09\/HOY-EN-ENCUENTROS-1-e1632852954610-1536x1429.jpg 1536w\" sizes=\"(max-width: 1587px) 100vw, 1587px\" \/><\/a>\t\t<\/div>\n\t\t\t\t\t\t\t\t<div class=\"wp-show-posts-entry-summary\" itemprop=\"text\">\n\t\t\t\t\t\t\t<p>Hoy compartimos con ustedes este video realizado con la colaboraci\u00f3n de la editora Prof. Daniela D\u00edaz V\u00e1zquez y la Locutora Nacional Prof. Silvia D\u00edaz. Finalmente, esperamos que sea de vuestro&#8230;<\/p>\n\t\t\t\t\t\t<\/div><!-- .entry-summary -->\n\t\t\t\t\t<\/div><!-- wp-show-posts-inner --><\/article><div class=\"wpsp-clear\"><\/div><\/section><!-- .wp-show-posts --><\/div>\n\t\t\t\t\t\t<\/div>\n\t\t\t\t<\/div>\n\t\t\t\t\t<\/div>\n\t\t<\/div>\n\t\t\t\t\t<\/div>\n\t\t<\/section>\n\t\t\t\t<section class=\"elementor-section elementor-top-section elementor-element elementor-element-9afb0c9 elementor-section-boxed elementor-section-height-default elementor-section-height-default\" data-id=\"9afb0c9\" data-element_type=\"section\" data-e-type=\"section\">\n\t\t\t\t\t\t<div class=\"elementor-container elementor-column-gap-default\">\n\t\t\t\t\t<div class=\"elementor-column elementor-col-100 elementor-top-column elementor-element elementor-element-5554c01\" data-id=\"5554c01\" data-element_type=\"column\" data-e-type=\"column\">\n\t\t\t<div class=\"elementor-widget-wrap elementor-element-populated\">\n\t\t\t\t\t\t<div class=\"elementor-element elementor-element-13796bb elementor-widget elementor-widget-shortcode\" data-id=\"13796bb\" data-element_type=\"widget\" data-e-type=\"widget\" data-widget_type=\"shortcode.default\">\n\t\t\t\t<div class=\"elementor-widget-container\">\n\t\t\t\t\t\t\t<div class=\"elementor-shortcode\"><div class=\"forminator-ui forminator-custom-form forminator-custom-form-389 forminator-design--default  forminator_ajax\" data-forminator-render=\"0\" data-form=\"forminator-module-389\" data-uid=\"6a046d27e8fae\"><br\/><\/div><form\n\t\t\t\tid=\"forminator-module-389\"\n\t\t\t\tclass=\"forminator-ui forminator-custom-form forminator-custom-form-389 forminator-design--default  forminator_ajax\"\n\t\t\t\tmethod=\"post\"\n\t\t\t\tdata-forminator-render=\"0\"\n\t\t\t\tdata-form-id=\"389\"\n\t\t\t\tenctype=\"multipart\/form-data\" data-color-option=\"default\" data-design=\"default\" data-grid=\"open\" style=\"display: none;\"\n\t\t\t\tdata-uid=\"6a046d27e8fae\"\n\t\t\t><div role=\"alert\" aria-live=\"polite\" class=\"forminator-response-message forminator-error\" aria-hidden=\"true\"><\/div><div class=\"forminator-row\"><div id=\"name-1\" class=\"forminator-field-name forminator-col forminator-col-12 \"><div class=\"forminator-field\"><label for=\"forminator-field-name-1_6a046d27e8fae\" id=\"forminator-field-name-1_6a046d27e8fae-label\" class=\"forminator-label\">Nombre <span class=\"forminator-required\">*<\/span><\/label><input type=\"text\" name=\"name-1\" value=\"\" placeholder=\"Luis Rodr\u00edguez\" id=\"forminator-field-name-1_6a046d27e8fae\" class=\"forminator-input forminator-name--field\" aria-required=\"true\" autocomplete=\"name\" \/><\/div><\/div><\/div><div class=\"forminator-row\"><div id=\"email-1\" class=\"forminator-field-email forminator-col forminator-col-12 \"><div class=\"forminator-field\"><label for=\"forminator-field-email-1_6a046d27e8fae\" id=\"forminator-field-email-1_6a046d27e8fae-label\" class=\"forminator-label\">Direcci\u00f3n de Correo electr\u00f3nico<\/label><input type=\"email\" name=\"email-1\" value=\"\" placeholder=\"luis.rodriguez@gmail.com\" id=\"forminator-field-email-1_6a046d27e8fae\" class=\"forminator-input forminator-email--field\" data-required=\"\" aria-required=\"false\" autocomplete=\"email\" \/><\/div><\/div><\/div><div class=\"forminator-row\"><div id=\"phone-1\" class=\"forminator-field-phone forminator-col forminator-col-12 \"><div class=\"forminator-field\"><label for=\"forminator-field-phone-1_6a046d27e8fae\" id=\"forminator-field-phone-1_6a046d27e8fae-label\" class=\"forminator-label\">Tel\u00e9fono<\/label><input type=\"text\" name=\"phone-1\" value=\"\" placeholder=\"3814010101\" id=\"forminator-field-phone-1_6a046d27e8fae\" class=\"forminator-input forminator-field--phone\" data-required=\"\" aria-required=\"false\" autocomplete=\"off\" \/><\/div><\/div><\/div><div class=\"forminator-row\"><div id=\"text-1\" class=\"forminator-field-text forminator-col forminator-col-12 \"><div class=\"forminator-field\"><label for=\"forminator-field-text-1_6a046d27e8fae\" id=\"forminator-field-text-1_6a046d27e8fae-label\" class=\"forminator-label\">T\u00edtulo <span class=\"forminator-required\">*<\/span><\/label><input type=\"text\" name=\"text-1\" value=\"\" placeholder=\"\" id=\"forminator-field-text-1_6a046d27e8fae\" class=\"forminator-input forminator-name--field\" data-required=\"1\" maxlength=\"200\" \/><span id=\"forminator-field-text-1_6a046d27e8fae-description\" class=\"forminator-description\"><span data-limit=\"200\" data-type=\"characters\">0 \/ 200<\/span><\/span><\/div><\/div><\/div><div class=\"forminator-row\"><div id=\"textarea-1\" class=\"forminator-field-textarea forminator-col forminator-col-12 \"><div class=\"forminator-field\"><label for=\"forminator-field-textarea-1_6a046d27e8fae\" id=\"forminator-field-textarea-1_6a046d27e8fae-label\" class=\"forminator-label\">Texto <span class=\"forminator-required\">*<\/span><\/label><textarea name=\"textarea-1\" placeholder=\"\" id=\"forminator-field-textarea-1_6a046d27e8fae\" class=\"forminator-textarea\" rows=\"6\" style=\"min-height:200px;\" ><\/textarea><\/div><\/div><\/div><div class=\"forminator-row\"><div id=\"text-2\" class=\"forminator-field-text forminator-col forminator-col-12 \"><div class=\"forminator-field\"><label for=\"forminator-field-text-2_6a046d27e8fae\" id=\"forminator-field-text-2_6a046d27e8fae-label\" class=\"forminator-label\">Video<\/label><input type=\"text\" name=\"text-2\" value=\"\" placeholder=\"www.youtube.com\/.....\" id=\"forminator-field-text-2_6a046d27e8fae\" class=\"forminator-input forminator-name--field\" data-required=\"\" maxlength=\"150\" aria-describedby=\"forminator-field-text-2_6a046d27e8fae-description\" \/><span id=\"forminator-field-text-2_6a046d27e8fae-description\" class=\"forminator-description\">Si tiene un enlace de Youtube col\u00f3quelo aqu\u00ed<span data-limit=\"150\" data-type=\"characters\">0 \/ 150<\/span><\/span><\/div><\/div><\/div><div class=\"forminator-row\"><div id=\"upload-1\" class=\"forminator-field-upload forminator-col forminator-col-12 \"><div class=\"forminator-field\"><label for=\"forminator-field-upload-1_6a046d27e8fae\" id=\"forminator-field-upload-1_6a046d27e8fae-label\" class=\"forminator-label\">Subir im\u00e1genes<\/label><div class=\"forminator-multi-upload \" data-element=\"upload-1_6a046d27e8fae\" aria-describedby=\"forminator-field-upload-1_6a046d27e8fae-description\"><input type=\"file\" name=\"upload-1[]\" id=\"forminator-field-upload-1_6a046d27e8fae\" class=\"forminator-input-file forminator-field-upload-1_6a046d27e8fae-389\" multiple=\"multiple\" data-method=\"ajax\" accept=\".webp,.jpg,.jpeg,.jpe,.gif,.png,.bmp,.tiff,.tif,.ico,.psd,.xcf,.heic\" data-limit=\"5\" data-limit-message=\"You can upload a maximum of 5 files.\" data-size=\"10000000\" data-size-message=\"Maximum file size allowed is 10 MB. \" data-filetype=\"webp|jpg|jpeg|jpe|gif|png|bmp|tiff|tif|ico|psd|xcf|heic\" data-filetype-message=\"file extension is not allowed.\"><div class=\"forminator-multi-upload-message\" aria-hidden=\"true\"><span class=\"forminator-icon-upload\" aria-hidden=\"true\"><\/span><p>Drag and Drop (or) <a class=\"forminator-upload-file--forminator-field-upload-1_6a046d27e8fae\" href=\"#\" onclick=\"return false;\">Choose Files<\/a><\/p><\/div><\/div><span id=\"forminator-field-upload-1_6a046d27e8fae-description\" class=\"forminator-description\">Puede subir varios archivos hasta 10 MB.<\/span><ul class=\"forminator-uploaded-files upload-container-upload-1_6a046d27e8fae\"><\/ul><\/div><\/div><\/div><div class=\"forminator-row\"><div id=\"captcha-1\" class=\"forminator-field-captcha forminator-col forminator-col-12 \"><div class=\"forminator-captcha-left forminator-g-recaptcha\" data-theme=\"light\"  data-sitekey=\"6Ld6HYEcAAAAADUUEUpoNCtvMDBF9RfVe8G8tvqZ\" data-size=\"normal\"><\/div> <\/div><\/div><input type=\"hidden\" name=\"referer_url\" value=\"\" \/><div class=\"forminator-row forminator-row-last\"><div class=\"forminator-col\"><div class=\"forminator-field\"><button class=\"forminator-button forminator-button-submit\">Enviar Publicaci&oacute;n<\/button><\/div><\/div><\/div><input type=\"hidden\" id=\"forminator_nonce\" name=\"forminator_nonce\" value=\"e29c292ea4\" \/><input type=\"hidden\" name=\"_wp_http_referer\" value=\"\/index.php\/wp-json\/wp\/v2\/pages\/390\" \/><input type=\"hidden\" name=\"form_id\" value=\"389\"><input type=\"hidden\" name=\"page_id\" value=\"577\"><input type=\"hidden\" name=\"form_type\" value=\"default\"><input type=\"hidden\" name=\"current_url\" value=\"https:\/\/adultosmayorescmt.com\/index.php\/2021\/09\/28\/el-hombre-feliz-prof-daniela-diaz-vazquez\/\"><input type=\"hidden\" name=\"render_id\" value=\"0\"><input type=\"hidden\" name=\"forminator-multifile-hidden\" class=\"forminator-multifile-hidden\"><input type=\"hidden\" name=\"action\" value=\"forminator_submit_form_custom-forms\"><\/form><\/div>\n\t\t\t\t\t\t<\/div>\n\t\t\t\t<\/div>\n\t\t\t\t\t<\/div>\n\t\t<\/div>\n\t\t\t\t\t<\/div>\n\t\t<\/section>\n\t\t\t\t<section class=\"elementor-section elementor-top-section elementor-element elementor-element-faa1162 elementor-section-boxed elementor-section-height-default elementor-section-height-default\" data-id=\"faa1162\" data-element_type=\"section\" data-e-type=\"section\">\n\t\t\t\t\t\t<div class=\"elementor-container elementor-column-gap-default\">\n\t\t\t\t\t<div class=\"elementor-column elementor-col-100 elementor-top-column elementor-element elementor-element-19e1390\" data-id=\"19e1390\" data-element_type=\"column\" data-e-type=\"column\">\n\t\t\t<div class=\"elementor-widget-wrap elementor-element-populated\">\n\t\t\t\t\t\t<div class=\"elementor-element elementor-element-8ab86b6 elementor-align-center elementor-widget elementor-widget-button\" data-id=\"8ab86b6\" data-element_type=\"widget\" data-e-type=\"widget\" data-widget_type=\"button.default\">\n\t\t\t\t<div class=\"elementor-widget-container\">\n\t\t\t\t\t\t\t\t\t<div class=\"elementor-button-wrapper\">\n\t\t\t\t\t<a class=\"elementor-button elementor-button-link elementor-size-sm\" href=\"https:\/\/adultosmayorescmt.com\/\">\n\t\t\t\t\t\t<span class=\"elementor-button-content-wrapper\">\n\t\t\t\t\t\t\t\t\t<span class=\"elementor-button-text\">VOLVER<\/span>\n\t\t\t\t\t<\/span>\n\t\t\t\t\t<\/a>\n\t\t\t\t<\/div>\n\t\t\t\t\t\t\t\t<\/div>\n\t\t\t\t<\/div>\n\t\t\t\t\t<\/div>\n\t\t<\/div>\n\t\t\t\t\t<\/div>\n\t\t<\/section>\n\t\t\t\t<\/div>\n\t\t","protected":false},"excerpt":{"rendered":"<p>En este apartado podr\u00e1s leer, publicar y compartir tu contenido en nuestra p\u00e1gina. \u00a1Al final de la p\u00e1gina encontrar\u00e1s un formulario para escribir tu propio art\u00edculo! VOLVER<\/p>\n","protected":false},"author":3,"featured_media":0,"parent":0,"menu_order":0,"comment_status":"closed","ping_status":"closed","template":"","meta":{"ocean_post_layout":"","ocean_both_sidebars_style":"","ocean_both_sidebars_content_width":0,"ocean_both_sidebars_sidebars_width":0,"ocean_sidebar":"0","ocean_second_sidebar":"0","ocean_disable_margins":"enable","ocean_add_body_class":"","ocean_shortcode_before_top_bar":"","ocean_shortcode_after_top_bar":"","ocean_shortcode_before_header":"","ocean_shortcode_after_header":"","ocean_has_shortcode":"","ocean_shortcode_after_title":"","ocean_shortcode_before_footer_widgets":"","ocean_shortcode_after_footer_widgets":"","ocean_shortcode_before_footer_bottom":"","ocean_shortcode_after_footer_bottom":"","ocean_display_top_bar":"default","ocean_display_header":"default","ocean_header_style":"","ocean_center_header_left_menu":"0","ocean_custom_header_template":"0","ocean_custom_logo":0,"ocean_custom_retina_logo":0,"ocean_custom_logo_max_width":0,"ocean_custom_logo_tablet_max_width":0,"ocean_custom_logo_mobile_max_width":0,"ocean_custom_logo_max_height":0,"ocean_custom_logo_tablet_max_height":0,"ocean_custom_logo_mobile_max_height":0,"ocean_header_custom_menu":"0","ocean_menu_typo_font_family":"0","ocean_menu_typo_font_subset":"","ocean_menu_typo_font_size":0,"ocean_menu_typo_font_size_tablet":0,"ocean_menu_typo_font_size_mobile":0,"ocean_menu_typo_font_size_unit":"px","ocean_menu_typo_font_weight":"","ocean_menu_typo_font_weight_tablet":"","ocean_menu_typo_font_weight_mobile":"","ocean_menu_typo_transform":"","ocean_menu_typo_transform_tablet":"","ocean_menu_typo_transform_mobile":"","ocean_menu_typo_line_height":0,"ocean_menu_typo_line_height_tablet":0,"ocean_menu_typo_line_height_mobile":0,"ocean_menu_typo_line_height_unit":"","ocean_menu_typo_spacing":0,"ocean_menu_typo_spacing_tablet":0,"ocean_menu_typo_spacing_mobile":0,"ocean_menu_typo_spacing_unit":"","ocean_menu_link_color":"","ocean_menu_link_color_hover":"","ocean_menu_link_color_active":"","ocean_menu_link_background":"","ocean_menu_link_hover_background":"","ocean_menu_link_active_background":"","ocean_menu_social_links_bg":"","ocean_menu_social_hover_links_bg":"","ocean_menu_social_links_color":"","ocean_menu_social_hover_links_color":"","ocean_disable_title":"default","ocean_disable_heading":"default","ocean_post_title":"","ocean_post_subheading":"","ocean_post_title_style":"","ocean_post_title_background_color":"","ocean_post_title_background":0,"ocean_post_title_bg_image_position":"","ocean_post_title_bg_image_attachment":"","ocean_post_title_bg_image_repeat":"","ocean_post_title_bg_image_size":"","ocean_post_title_height":0,"ocean_post_title_bg_overlay":0.5,"ocean_post_title_bg_overlay_color":"","ocean_disable_breadcrumbs":"default","ocean_breadcrumbs_color":"","ocean_breadcrumbs_separator_color":"","ocean_breadcrumbs_links_color":"","ocean_breadcrumbs_links_hover_color":"","ocean_display_footer_widgets":"default","ocean_display_footer_bottom":"default","ocean_custom_footer_template":"0","footnotes":""},"class_list":["post-390","page","type-page","status-publish","hentry","entry","has-media"],"_links":{"self":[{"href":"https:\/\/adultosmayorescmt.com\/index.php\/wp-json\/wp\/v2\/pages\/390","targetHints":{"allow":["GET"]}}],"collection":[{"href":"https:\/\/adultosmayorescmt.com\/index.php\/wp-json\/wp\/v2\/pages"}],"about":[{"href":"https:\/\/adultosmayorescmt.com\/index.php\/wp-json\/wp\/v2\/types\/page"}],"author":[{"embeddable":true,"href":"https:\/\/adultosmayorescmt.com\/index.php\/wp-json\/wp\/v2\/users\/3"}],"replies":[{"embeddable":true,"href":"https:\/\/adultosmayorescmt.com\/index.php\/wp-json\/wp\/v2\/comments?post=390"}],"version-history":[{"count":13,"href":"https:\/\/adultosmayorescmt.com\/index.php\/wp-json\/wp\/v2\/pages\/390\/revisions"}],"predecessor-version":[{"id":720,"href":"https:\/\/adultosmayorescmt.com\/index.php\/wp-json\/wp\/v2\/pages\/390\/revisions\/720"}],"wp:attachment":[{"href":"https:\/\/adultosmayorescmt.com\/index.php\/wp-json\/wp\/v2\/media?parent=390"}],"curies":[{"name":"wp","href":"https:\/\/api.w.org\/{rel}","templated":true}]}}