{"id":572,"date":"2021-09-28T09:03:03","date_gmt":"2021-09-28T12:03:03","guid":{"rendered":"https:\/\/adultosmayorescmt.com\/?page_id=572"},"modified":"2021-09-30T08:54:06","modified_gmt":"2021-09-30T11:54:06","slug":"encuentros","status":"publish","type":"page","link":"https:\/\/adultosmayorescmt.com\/index.php\/encuentros\/","title":{"rendered":"Encuentros"},"content":{"rendered":"\t\t<div data-elementor-type=\"wp-page\" data-elementor-id=\"572\" class=\"elementor elementor-572\">\n\t\t\t\t\t\t<section class=\"elementor-section elementor-top-section elementor-element elementor-element-c1b4492 elementor-section-boxed elementor-section-height-default elementor-section-height-default\" data-id=\"c1b4492\" data-element_type=\"section\" data-e-type=\"section\">\n\t\t\t\t\t\t<div class=\"elementor-container elementor-column-gap-default\">\n\t\t\t\t\t<div class=\"elementor-column elementor-col-100 elementor-top-column elementor-element elementor-element-f133e75\" data-id=\"f133e75\" data-element_type=\"column\" data-e-type=\"column\">\n\t\t\t<div class=\"elementor-widget-wrap elementor-element-populated\">\n\t\t\t\t\t\t<div class=\"elementor-element elementor-element-7c63889 elementor-widget elementor-widget-image\" data-id=\"7c63889\" data-element_type=\"widget\" data-e-type=\"widget\" data-widget_type=\"image.default\">\n\t\t\t\t<div class=\"elementor-widget-container\">\n\t\t\t\t\t\t\t\t\t\t\t\t\t\t\t<img fetchpriority=\"high\" decoding=\"async\" width=\"768\" height=\"711\" src=\"https:\/\/adultosmayorescmt.com\/wp-content\/uploads\/2021\/09\/ENCUENTROS-e1633002486135-768x711.jpg\" class=\"attachment-medium_large size-medium_large wp-image-769\" alt=\"\" srcset=\"https:\/\/adultosmayorescmt.com\/wp-content\/uploads\/2021\/09\/ENCUENTROS-e1633002486135-768x711.jpg 768w, https:\/\/adultosmayorescmt.com\/wp-content\/uploads\/2021\/09\/ENCUENTROS-e1633002486135-300x278.jpg 300w, https:\/\/adultosmayorescmt.com\/wp-content\/uploads\/2021\/09\/ENCUENTROS-e1633002486135-1024x949.jpg 1024w, https:\/\/adultosmayorescmt.com\/wp-content\/uploads\/2021\/09\/ENCUENTROS-e1633002486135-1536x1423.jpg 1536w, https:\/\/adultosmayorescmt.com\/wp-content\/uploads\/2021\/09\/ENCUENTROS-e1633002486135.jpg 1587w\" sizes=\"(max-width: 768px) 100vw, 768px\" \/>\t\t\t\t\t\t\t\t\t\t\t\t\t\t\t<\/div>\n\t\t\t\t<\/div>\n\t\t\t\t\t<\/div>\n\t\t<\/div>\n\t\t\t\t\t<\/div>\n\t\t<\/section>\n\t\t\t\t<section class=\"elementor-section elementor-top-section elementor-element elementor-element-4ad1506d elementor-section-boxed elementor-section-height-default elementor-section-height-default\" data-id=\"4ad1506d\" data-element_type=\"section\" data-e-type=\"section\">\n\t\t\t\t\t\t<div class=\"elementor-container elementor-column-gap-default\">\n\t\t\t\t\t<div class=\"elementor-column elementor-col-100 elementor-top-column elementor-element elementor-element-4293ca8a\" data-id=\"4293ca8a\" data-element_type=\"column\" data-e-type=\"column\">\n\t\t\t<div class=\"elementor-widget-wrap elementor-element-populated\">\n\t\t\t\t\t\t<div class=\"elementor-element elementor-element-2720408d elementor-widget elementor-widget-text-editor\" data-id=\"2720408d\" data-element_type=\"widget\" data-e-type=\"widget\" data-widget_type=\"text-editor.default\">\n\t\t\t\t<div class=\"elementor-widget-container\">\n\t\t\t\t\t\t\t\t\t<p><\/p>\n<p>En este espacio, todas las semanas podremos encontrar\u00a0cuentos, poes\u00edas, canciones, que nos hagan encontrar o contactar con la fibra m\u00e1s \u00edntima de nuestro ser. Esperamos que sea de vuestro agrado.<\/p>\n<p><\/p>\n<p><\/p>\n<p>Este espacio ir\u00e1 creciendo con el aporte de todos los que quieran participar.\u00a0<\/p>\n<p><\/p>\t\t\t\t\t\t\t\t<\/div>\n\t\t\t\t<\/div>\n\t\t\t\t\t<\/div>\n\t\t<\/div>\n\t\t\t\t\t<\/div>\n\t\t<\/section>\n\t\t\t\t<section class=\"elementor-section elementor-top-section elementor-element elementor-element-c1a028f elementor-section-boxed elementor-section-height-default elementor-section-height-default\" data-id=\"c1a028f\" data-element_type=\"section\" data-e-type=\"section\">\n\t\t\t\t\t\t<div class=\"elementor-container elementor-column-gap-default\">\n\t\t\t\t\t<div class=\"elementor-column elementor-col-100 elementor-top-column elementor-element elementor-element-61d2728\" data-id=\"61d2728\" data-element_type=\"column\" data-e-type=\"column\">\n\t\t\t<div class=\"elementor-widget-wrap elementor-element-populated\">\n\t\t\t\t\t\t<div class=\"elementor-element elementor-element-b849983 elementor-widget elementor-widget-text-editor\" data-id=\"b849983\" data-element_type=\"widget\" data-e-type=\"widget\" data-widget_type=\"text-editor.default\">\n\t\t\t\t<div class=\"elementor-widget-container\">\n\t\t\t\t\t\t\t\t\t<p>Puedes aportar tu contenido para ser publicado en esta secci\u00f3n, haciendo click en el siguiente bot\u00f3n<\/p>\t\t\t\t\t\t\t\t<\/div>\n\t\t\t\t<\/div>\n\t\t\t\t<div class=\"elementor-element elementor-element-45eee53 elementor-align-center elementor-widget elementor-widget-button\" data-id=\"45eee53\" data-element_type=\"widget\" data-e-type=\"widget\" data-widget_type=\"button.default\">\n\t\t\t\t<div class=\"elementor-widget-container\">\n\t\t\t\t\t\t\t\t\t<div class=\"elementor-button-wrapper\">\n\t\t\t\t\t<a class=\"elementor-button elementor-button-link elementor-size-sm\" href=\"https:\/\/adultosmayorescmt.com\/index.php\/publicaciones-de-afiliados\/\" target=\"_blank\">\n\t\t\t\t\t\t<span class=\"elementor-button-content-wrapper\">\n\t\t\t\t\t\t\t\t\t<span class=\"elementor-button-text\">Publicar mi contenido<\/span>\n\t\t\t\t\t<\/span>\n\t\t\t\t\t<\/a>\n\t\t\t\t<\/div>\n\t\t\t\t\t\t\t\t<\/div>\n\t\t\t\t<\/div>\n\t\t\t\t\t<\/div>\n\t\t<\/div>\n\t\t\t\t\t<\/div>\n\t\t<\/section>\n\t\t\t\t<section class=\"elementor-section elementor-top-section elementor-element elementor-element-960e5fe elementor-section-boxed elementor-section-height-default elementor-section-height-default\" data-id=\"960e5fe\" data-element_type=\"section\" data-e-type=\"section\">\n\t\t\t\t\t\t<div class=\"elementor-container elementor-column-gap-default\">\n\t\t\t\t\t<div class=\"elementor-column elementor-col-100 elementor-top-column elementor-element elementor-element-90d0935\" data-id=\"90d0935\" data-element_type=\"column\" data-e-type=\"column\">\n\t\t\t<div class=\"elementor-widget-wrap elementor-element-populated\">\n\t\t\t\t\t\t<div class=\"elementor-element elementor-element-e11b6bc elementor-widget-divider--view-line elementor-widget elementor-widget-divider\" data-id=\"e11b6bc\" data-element_type=\"widget\" data-e-type=\"widget\" data-widget_type=\"divider.default\">\n\t\t\t\t<div class=\"elementor-widget-container\">\n\t\t\t\t\t\t\t<div class=\"elementor-divider\">\n\t\t\t<span class=\"elementor-divider-separator\">\n\t\t\t\t\t\t<\/span>\n\t\t<\/div>\n\t\t\t\t\t\t<\/div>\n\t\t\t\t<\/div>\n\t\t\t\t\t<\/div>\n\t\t<\/div>\n\t\t\t\t\t<\/div>\n\t\t<\/section>\n\t\t\t\t<section class=\"elementor-section elementor-top-section elementor-element elementor-element-cb899d4 elementor-section-boxed elementor-section-height-default elementor-section-height-default\" data-id=\"cb899d4\" data-element_type=\"section\" data-e-type=\"section\">\n\t\t\t\t\t\t<div class=\"elementor-container elementor-column-gap-default\">\n\t\t\t\t\t<div class=\"elementor-column elementor-col-100 elementor-top-column elementor-element elementor-element-465fce5\" data-id=\"465fce5\" data-element_type=\"column\" data-e-type=\"column\">\n\t\t\t<div class=\"elementor-widget-wrap elementor-element-populated\">\n\t\t\t\t\t\t<div class=\"elementor-element elementor-element-53e2a62 elementor-widget elementor-widget-heading\" data-id=\"53e2a62\" data-element_type=\"widget\" data-e-type=\"widget\" data-widget_type=\"heading.default\">\n\t\t\t\t<div class=\"elementor-widget-container\">\n\t\t\t\t\t<h2 class=\"elementor-heading-title elementor-size-default\">PUBLICACIONES DE NUESTROS AFILIADOS<\/h2>\t\t\t\t<\/div>\n\t\t\t\t<\/div>\n\t\t\t\t<div class=\"elementor-element elementor-element-0335291 elementor-widget elementor-widget-shortcode\" data-id=\"0335291\" data-element_type=\"widget\" data-e-type=\"widget\" data-widget_type=\"shortcode.default\">\n\t\t\t\t<div class=\"elementor-widget-container\">\n\t\t\t\t\t\t\t<div class=\"elementor-shortcode\"><style>.wp-show-posts-columns#wpsp-585 {margin-left: -2em; }.wp-show-posts-columns#wpsp-585 .wp-show-posts-inner {margin: 0 0 2em 2em; }<\/style><section id=\"wpsp-585\" class=\" wp-show-posts-columns wp-show-posts\" style=\"\"><article class=\" wp-show-posts-single post-1091 post type-post status-publish format-standard has-post-thumbnail hentry category-encuentros category-especial category-noticias entry has-media wpsp-col-6\" itemtype=\"http:\/\/schema.org\/CreativeWork\" itemscope><div class=\"wp-show-posts-inner\" style=\"\">\t\t\t\t\t\t<header class=\"wp-show-posts-entry-header\">\n\t\t\t\t\t\t\t<h2 class=\"wp-show-posts-entry-title\" itemprop=\"headline\"><a href=\"https:\/\/adultosmayorescmt.com\/index.php\/2022\/05\/06\/gran-te-show-para-los-adultos-mayores-del-cmt\/\" rel=\"bookmark\">Gran T\u00e9 Show para los Adultos Mayores del CMT<\/a><\/h2><div class=\"wp-show-posts-entry-meta wp-show-posts-entry-meta-below-title post-meta-inline\"><span class=\"wp-show-posts-posted-on wp-show-posts-meta\">\n\t\t\t\t\t<a href=\"https:\/\/adultosmayorescmt.com\/index.php\/2022\/05\/06\/gran-te-show-para-los-adultos-mayores-del-cmt\/\" title=\"07:13\" rel=\"bookmark\"><time class=\"wp-show-posts-entry-date published\" datetime=\"2022-05-06T07:13:03-03:00\" itemprop=\"datePublished\">mayo 6, 2022<\/time><time class=\"wp-show-posts-updated\" datetime=\"2022-05-13T08:01:42-03:00\" itemprop=\"dateModified\">mayo 13, 2022<\/time><\/a>\n\t\t\t\t<\/span><\/div>\t\t\t\t\t\t<\/header><!-- .entry-header -->\n\t\t\t\t\t\t\t<div class=\"wp-show-posts-image  wpsp-image-center \">\n\t\t\t<a href=\"https:\/\/adultosmayorescmt.com\/index.php\/2022\/05\/06\/gran-te-show-para-los-adultos-mayores-del-cmt\/\"  title=\"Gran T\u00e9 Show para los Adultos Mayores del CMT\"><img decoding=\"async\" width=\"694\" height=\"694\" src=\"https:\/\/adultosmayorescmt.com\/wp-content\/uploads\/2022\/05\/GRAN-TE-SHOW-ADULTOS-MAYORES-CMT-2022-1.jpeg\" class=\"attachment-full size-full wp-post-image\" alt=\"\" itemprop=\"image\" srcset=\"https:\/\/adultosmayorescmt.com\/wp-content\/uploads\/2022\/05\/GRAN-TE-SHOW-ADULTOS-MAYORES-CMT-2022-1.jpeg 694w, https:\/\/adultosmayorescmt.com\/wp-content\/uploads\/2022\/05\/GRAN-TE-SHOW-ADULTOS-MAYORES-CMT-2022-1-300x300.jpeg 300w, https:\/\/adultosmayorescmt.com\/wp-content\/uploads\/2022\/05\/GRAN-TE-SHOW-ADULTOS-MAYORES-CMT-2022-1-150x150.jpeg 150w\" sizes=\"(max-width: 694px) 100vw, 694px\" \/><\/a>\t\t<\/div>\n\t\t\t\t\t\t\t\t<div class=\"wp-show-posts-entry-summary\" itemprop=\"text\">\n\t\t\t\t\t\t\t<p>HAZ CLICK AQU\u00cd PARA INSCRIBIRTE Como bien es sabido,\u00a0 Colegio M\u00e9dico Tucum\u00e1n junto a la Subcomisi\u00f3n de Adultos Mayores, brindan un lugar\u00a0de contenci\u00f3n y participaci\u00f3n para los colegas mayores Socios&#8230;<\/p>\n\t\t\t\t\t\t<\/div><!-- .entry-summary -->\n\t\t\t\t\t<\/div><!-- wp-show-posts-inner --><\/article><article class=\" wp-show-posts-single post-577 post type-post status-publish format-standard has-post-thumbnail hentry category-encuentros entry has-media wpsp-col-6\" itemtype=\"http:\/\/schema.org\/CreativeWork\" itemscope><div class=\"wp-show-posts-inner\" style=\"\">\t\t\t\t\t\t<header class=\"wp-show-posts-entry-header\">\n\t\t\t\t\t\t\t<h2 class=\"wp-show-posts-entry-title\" itemprop=\"headline\"><a href=\"https:\/\/adultosmayorescmt.com\/index.php\/2021\/09\/28\/el-hombre-feliz-prof-daniela-diaz-vazquez\/\" rel=\"bookmark\">#01 EL HOMBRE FELIZ &#8211; PROF. DANIELA D\u00cdAZ V\u00c1ZQUEZ<\/a><\/h2><div class=\"wp-show-posts-entry-meta wp-show-posts-entry-meta-below-title post-meta-inline\"><span class=\"wp-show-posts-posted-on wp-show-posts-meta\">\n\t\t\t\t\t<a href=\"https:\/\/adultosmayorescmt.com\/index.php\/2021\/09\/28\/el-hombre-feliz-prof-daniela-diaz-vazquez\/\" title=\"09:14\" rel=\"bookmark\"><time class=\"wp-show-posts-entry-date published\" datetime=\"2021-09-28T09:14:25-03:00\" itemprop=\"datePublished\">septiembre 28, 2021<\/time><time class=\"wp-show-posts-updated\" datetime=\"2021-09-28T15:16:32-03:00\" itemprop=\"dateModified\">septiembre 28, 2021<\/time><\/a>\n\t\t\t\t<\/span><\/div>\t\t\t\t\t\t<\/header><!-- .entry-header -->\n\t\t\t\t\t\t\t<div class=\"wp-show-posts-image  wpsp-image-center \">\n\t\t\t<a href=\"https:\/\/adultosmayorescmt.com\/index.php\/2021\/09\/28\/el-hombre-feliz-prof-daniela-diaz-vazquez\/\"  title=\"#01 EL HOMBRE FELIZ &#8211; PROF. DANIELA D\u00cdAZ V\u00c1ZQUEZ\"><img decoding=\"async\" width=\"1587\" height=\"1476\" src=\"https:\/\/adultosmayorescmt.com\/wp-content\/uploads\/2021\/09\/HOY-EN-ENCUENTROS-1-e1632852954610.jpg\" class=\"attachment-full size-full wp-post-image\" alt=\"\" itemprop=\"image\" srcset=\"https:\/\/adultosmayorescmt.com\/wp-content\/uploads\/2021\/09\/HOY-EN-ENCUENTROS-1-e1632852954610.jpg 1587w, https:\/\/adultosmayorescmt.com\/wp-content\/uploads\/2021\/09\/HOY-EN-ENCUENTROS-1-e1632852954610-300x279.jpg 300w, https:\/\/adultosmayorescmt.com\/wp-content\/uploads\/2021\/09\/HOY-EN-ENCUENTROS-1-e1632852954610-1024x952.jpg 1024w, https:\/\/adultosmayorescmt.com\/wp-content\/uploads\/2021\/09\/HOY-EN-ENCUENTROS-1-e1632852954610-768x714.jpg 768w, https:\/\/adultosmayorescmt.com\/wp-content\/uploads\/2021\/09\/HOY-EN-ENCUENTROS-1-e1632852954610-1536x1429.jpg 1536w\" sizes=\"(max-width: 1587px) 100vw, 1587px\" \/><\/a>\t\t<\/div>\n\t\t\t\t\t\t\t\t<div class=\"wp-show-posts-entry-summary\" itemprop=\"text\">\n\t\t\t\t\t\t\t<p>Hoy compartimos con ustedes este video realizado con la colaboraci\u00f3n de la editora Prof. Daniela D\u00edaz V\u00e1zquez y la Locutora Nacional Prof. Silvia D\u00edaz. Finalmente, esperamos que sea de vuestro&#8230;<\/p>\n\t\t\t\t\t\t<\/div><!-- .entry-summary -->\n\t\t\t\t\t<\/div><!-- wp-show-posts-inner --><\/article><div class=\"wpsp-clear\"><\/div><\/section><!-- .wp-show-posts --><\/div>\n\t\t\t\t\t\t<\/div>\n\t\t\t\t<\/div>\n\t\t\t\t\t<\/div>\n\t\t<\/div>\n\t\t\t\t\t<\/div>\n\t\t<\/section>\n\t\t\t\t<section class=\"elementor-section elementor-top-section elementor-element elementor-element-f410f55 elementor-section-boxed elementor-section-height-default elementor-section-height-default\" data-id=\"f410f55\" data-element_type=\"section\" data-e-type=\"section\">\n\t\t\t\t\t\t<div class=\"elementor-container elementor-column-gap-default\">\n\t\t\t\t\t<div class=\"elementor-column elementor-col-100 elementor-top-column elementor-element elementor-element-b1b027c\" data-id=\"b1b027c\" data-element_type=\"column\" data-e-type=\"column\">\n\t\t\t<div class=\"elementor-widget-wrap elementor-element-populated\">\n\t\t\t\t\t\t<div class=\"elementor-element elementor-element-7331426 elementor-align-center elementor-widget elementor-widget-button\" data-id=\"7331426\" data-element_type=\"widget\" data-e-type=\"widget\" data-widget_type=\"button.default\">\n\t\t\t\t<div class=\"elementor-widget-container\">\n\t\t\t\t\t\t\t\t\t<div class=\"elementor-button-wrapper\">\n\t\t\t\t\t<a class=\"elementor-button elementor-button-link elementor-size-sm\" href=\"https:\/\/adultosmayorescmt.com\/\">\n\t\t\t\t\t\t<span class=\"elementor-button-content-wrapper\">\n\t\t\t\t\t\t\t\t\t<span class=\"elementor-button-text\">VOLVER<\/span>\n\t\t\t\t\t<\/span>\n\t\t\t\t\t<\/a>\n\t\t\t\t<\/div>\n\t\t\t\t\t\t\t\t<\/div>\n\t\t\t\t<\/div>\n\t\t\t\t\t<\/div>\n\t\t<\/div>\n\t\t\t\t\t<\/div>\n\t\t<\/section>\n\t\t\t\t<\/div>\n\t\t","protected":false},"excerpt":{"rendered":"<p>En este espacio, todas las semanas podremos encontrar\u00a0cuentos, poes\u00edas, canciones, que nos hagan encontrar o contactar con la fibra m\u00e1s \u00edntima de nuestro ser. Esperamos que sea de vuestro agrado. Este espacio ir\u00e1 creciendo con el aporte de todos los que quieran participar.\u00a0 Puedes aportar tu contenido para ser publicado en esta secci\u00f3n, haciendo click [&hellip;]<\/p>\n","protected":false},"author":3,"featured_media":0,"parent":0,"menu_order":0,"comment_status":"closed","ping_status":"closed","template":"","meta":{"ocean_post_layout":"","ocean_both_sidebars_style":"","ocean_both_sidebars_content_width":0,"ocean_both_sidebars_sidebars_width":0,"ocean_sidebar":"0","ocean_second_sidebar":"0","ocean_disable_margins":"enable","ocean_add_body_class":"","ocean_shortcode_before_top_bar":"","ocean_shortcode_after_top_bar":"","ocean_shortcode_before_header":"","ocean_shortcode_after_header":"","ocean_has_shortcode":"","ocean_shortcode_after_title":"","ocean_shortcode_before_footer_widgets":"","ocean_shortcode_after_footer_widgets":"","ocean_shortcode_before_footer_bottom":"","ocean_shortcode_after_footer_bottom":"","ocean_display_top_bar":"default","ocean_display_header":"default","ocean_header_style":"","ocean_center_header_left_menu":"0","ocean_custom_header_template":"0","ocean_custom_logo":0,"ocean_custom_retina_logo":0,"ocean_custom_logo_max_width":0,"ocean_custom_logo_tablet_max_width":0,"ocean_custom_logo_mobile_max_width":0,"ocean_custom_logo_max_height":0,"ocean_custom_logo_tablet_max_height":0,"ocean_custom_logo_mobile_max_height":0,"ocean_header_custom_menu":"0","ocean_menu_typo_font_family":"0","ocean_menu_typo_font_subset":"","ocean_menu_typo_font_size":0,"ocean_menu_typo_font_size_tablet":0,"ocean_menu_typo_font_size_mobile":0,"ocean_menu_typo_font_size_unit":"px","ocean_menu_typo_font_weight":"","ocean_menu_typo_font_weight_tablet":"","ocean_menu_typo_font_weight_mobile":"","ocean_menu_typo_transform":"","ocean_menu_typo_transform_tablet":"","ocean_menu_typo_transform_mobile":"","ocean_menu_typo_line_height":0,"ocean_menu_typo_line_height_tablet":0,"ocean_menu_typo_line_height_mobile":0,"ocean_menu_typo_line_height_unit":"","ocean_menu_typo_spacing":0,"ocean_menu_typo_spacing_tablet":0,"ocean_menu_typo_spacing_mobile":0,"ocean_menu_typo_spacing_unit":"","ocean_menu_link_color":"","ocean_menu_link_color_hover":"","ocean_menu_link_color_active":"","ocean_menu_link_background":"","ocean_menu_link_hover_background":"","ocean_menu_link_active_background":"","ocean_menu_social_links_bg":"","ocean_menu_social_hover_links_bg":"","ocean_menu_social_links_color":"","ocean_menu_social_hover_links_color":"","ocean_disable_title":"default","ocean_disable_heading":"default","ocean_post_title":"","ocean_post_subheading":"","ocean_post_title_style":"","ocean_post_title_background_color":"","ocean_post_title_background":0,"ocean_post_title_bg_image_position":"","ocean_post_title_bg_image_attachment":"","ocean_post_title_bg_image_repeat":"","ocean_post_title_bg_image_size":"","ocean_post_title_height":0,"ocean_post_title_bg_overlay":0.5,"ocean_post_title_bg_overlay_color":"","ocean_disable_breadcrumbs":"default","ocean_breadcrumbs_color":"","ocean_breadcrumbs_separator_color":"","ocean_breadcrumbs_links_color":"","ocean_breadcrumbs_links_hover_color":"","ocean_display_footer_widgets":"default","ocean_display_footer_bottom":"default","ocean_custom_footer_template":"0","footnotes":""},"class_list":["post-572","page","type-page","status-publish","hentry","entry","has-media"],"_links":{"self":[{"href":"https:\/\/adultosmayorescmt.com\/index.php\/wp-json\/wp\/v2\/pages\/572","targetHints":{"allow":["GET"]}}],"collection":[{"href":"https:\/\/adultosmayorescmt.com\/index.php\/wp-json\/wp\/v2\/pages"}],"about":[{"href":"https:\/\/adultosmayorescmt.com\/index.php\/wp-json\/wp\/v2\/types\/page"}],"author":[{"embeddable":true,"href":"https:\/\/adultosmayorescmt.com\/index.php\/wp-json\/wp\/v2\/users\/3"}],"replies":[{"embeddable":true,"href":"https:\/\/adultosmayorescmt.com\/index.php\/wp-json\/wp\/v2\/comments?post=572"}],"version-history":[{"count":19,"href":"https:\/\/adultosmayorescmt.com\/index.php\/wp-json\/wp\/v2\/pages\/572\/revisions"}],"predecessor-version":[{"id":781,"href":"https:\/\/adultosmayorescmt.com\/index.php\/wp-json\/wp\/v2\/pages\/572\/revisions\/781"}],"wp:attachment":[{"href":"https:\/\/adultosmayorescmt.com\/index.php\/wp-json\/wp\/v2\/media?parent=572"}],"curies":[{"name":"wp","href":"https:\/\/api.w.org\/{rel}","templated":true}]}}